{"id":1014,"date":"2020-06-12T18:09:27","date_gmt":"2020-06-12T16:09:27","guid":{"rendered":"https:\/\/cm-leadership.de\/?page_id=1014"},"modified":"2021-07-20T13:01:38","modified_gmt":"2021-07-20T11:01:38","slug":"newsletter","status":"publish","type":"page","link":"https:\/\/moscho-coaching.com\/en\/newsletter\/","title":{"rendered":"Newsletter"},"content":{"rendered":"<div data-elementor-type=\"wp-page\" data-elementor-id=\"1014\" class=\"elementor elementor-1014\">\n\t\t\t\t\t\t<div class=\"elementor-inner\">\n\t\t\t\t<div class=\"elementor-section-wrap\">\n\t\t\t\t\t\t\t\t\t<section class=\"elementor-section elementor-top-section elementor-element elementor-element-22f01f5 elementor-section-height-min-height elementor-section-items-bottom elementor-section-boxed elementor-section-height-default elementor-invisible\" data-id=\"22f01f5\" data-element_type=\"section\" data-settings=\"{&quot;background_background&quot;:&quot;classic&quot;,&quot;animation&quot;:&quot;fadeIn&quot;}\">\n\t\t\t\t\t\t<div class=\"elementor-container elementor-column-gap-default\">\n\t\t\t\t\t\t\t<div class=\"elementor-row\">\n\t\t\t\t\t<div class=\"elementor-column elementor-col-100 elementor-top-column elementor-element elementor-element-e8da905\" data-id=\"e8da905\" data-element_type=\"column\" data-settings=\"{&quot;background_background&quot;:&quot;classic&quot;}\">\n\t\t\t<div class=\"elementor-column-wrap elementor-element-populated\">\n\t\t\t\t\t<div class=\"elementor-background-overlay\"><\/div>\n\t\t\t\t\t\t\t<div class=\"elementor-widget-wrap\">\n\t\t\t\t\t\t<div class=\"elementor-element elementor-element-78a2756 elementor-widget elementor-widget-heading\" data-id=\"78a2756\" data-element_type=\"widget\" data-widget_type=\"heading.default\">\n\t\t\t\t<div class=\"elementor-widget-container\">\n\t\t\t<h1 class=\"elementor-heading-title elementor-size-default\">newsletter (only available in german)<\/h1>\t\t<\/div>\n\t\t\t\t<\/div>\n\t\t\t\t\t\t<\/div>\n\t\t\t\t\t<\/div>\n\t\t<\/div>\n\t\t\t\t\t\t\t\t<\/div>\n\t\t\t\t\t<\/div>\n\t\t<\/section>\n\t\t\t\t<section class=\"elementor-section elementor-top-section elementor-element elementor-element-95f0aa0 animated-slow elementor-section-boxed elementor-section-height-default elementor-section-height-default elementor-invisible\" data-id=\"95f0aa0\" data-element_type=\"section\" data-settings=\"{&quot;animation&quot;:&quot;fadeIn&quot;}\">\n\t\t\t\t\t\t<div class=\"elementor-container elementor-column-gap-wider\">\n\t\t\t\t\t\t\t<div class=\"elementor-row\">\n\t\t\t\t\t<div class=\"elementor-column elementor-col-50 elementor-top-column elementor-element elementor-element-90785d0\" data-id=\"90785d0\" data-element_type=\"column\" data-settings=\"{&quot;background_background&quot;:&quot;classic&quot;}\">\n\t\t\t<div class=\"elementor-column-wrap elementor-element-populated\">\n\t\t\t\t\t\t\t<div class=\"elementor-widget-wrap\">\n\t\t\t\t\t\t<div class=\"elementor-element elementor-element-c911b0e elementor-widget__width-auto elementor-view-default elementor-widget elementor-widget-icon\" data-id=\"c911b0e\" data-element_type=\"widget\" data-widget_type=\"icon.default\">\n\t\t\t\t<div class=\"elementor-widget-container\">\n\t\t\t\t\t<div class=\"elementor-icon-wrapper\">\n\t\t\t<div class=\"elementor-icon\">\n\t\t\t<i aria-hidden=\"true\" class=\"far fa-envelope\"><\/i>\t\t\t<\/div>\n\t\t<\/div>\n\t\t\t\t<\/div>\n\t\t\t\t<\/div>\n\t\t\t\t<div class=\"elementor-element elementor-element-b33cd27 elementor-widget__width-auto elementor-widget elementor-widget-heading\" data-id=\"b33cd27\" data-element_type=\"widget\" data-widget_type=\"heading.default\">\n\t\t\t\t<div class=\"elementor-widget-container\">\n\t\t\t<p class=\"elementor-heading-title elementor-size-default\">Newsletter vom 23. M\u00e4rz 2020<\/p>\t\t<\/div>\n\t\t\t\t<\/div>\n\t\t\t\t<div class=\"elementor-element elementor-element-16c01bc elementor-widget elementor-widget-heading\" data-id=\"16c01bc\" data-element_type=\"widget\" data-widget_type=\"heading.default\">\n\t\t\t\t<div class=\"elementor-widget-container\">\n\t\t\t<h2 class=\"elementor-heading-title elementor-size-default\">Erfolgreiche Team-F\u00fchrung im Home Office<\/h2>\t\t<\/div>\n\t\t\t\t<\/div>\n\t\t\t\t<div class=\"elementor-element elementor-element-23696d8 elementor-widget elementor-widget-text-editor\" data-id=\"23696d8\" data-element_type=\"widget\" data-widget_type=\"text-editor.default\">\n\t\t\t\t<div class=\"elementor-widget-container\">\n\t\t\t\t\t\t\t\t<div class=\"elementor-text-editor elementor-clearfix\">\n\t\t\t\t<p><strong>1. Klaren Fokus setzen<\/strong><\/p><p>\u00dcberlegen Sie als F\u00fchrungskraft was im n\u00e4chsten Monat unbedingt erledigt werden muss.\u00a0Das hat jetzt &#8211; noch mehr als sonst &#8211; absolute Priorit\u00e4t. \u00dcberlegen Sie in Abstimmung mit Ihrem Team, wie das erreicht werden kann.<\/p><p><strong>2. Das Home Office einrichten<\/strong><\/p><p>F\u00fcr viele ist Home Office neu und es sind zun\u00e4chst praktische Dinge zu l\u00f6sen: Wo kann Home Office stattfinden, mit welchen Ger\u00e4ten, wer stellt die Ger\u00e4te, ist das WLAN ausreichend oder \u00fcberhaupt vorhanden? Welche Programme inkl. Videokonferenzapp m\u00fcssen installiert werden? Wo ist Einarbeitung notwendig?<\/p><p>Gerade diese Anfangsschritte k\u00f6nnen mehr Zeit in Anspruch nehmen als gedacht.<\/p><p>Unterst\u00fctzen Sie als F\u00fchrungskraft Ihre Mitarbeiter*innen in dieser Zeit. Behalten Sie das Vertrauen, dass m\u00f6gliche Anfangsschwierigkeiten \u00fcberwunden werden k\u00f6nnen.<\/p><p><strong>3. Sich mit jeder\/m MitarbeiterIn abstimmen<\/strong><\/p><p>Sprechen Sie mit jeder\/m einzelnen MitarbeiterIn, welche Rahmenbedingungen f\u00fcr ihn w\u00e4hrend der Home Office Zeit relevant sind.<\/p><p>In der aktuellen Situation sind viele Kinder zu Hause und k\u00f6nnen und sollen nicht von ihren arbeitenden Eltern ferngehalten werden. Auch Besorgungen f\u00fcr Eltern, die normalerweise nicht zum Aufgabengebiet Ihrer MitarbeiterInnen geh\u00f6ren, m\u00fcssen nun erledigt werden.<\/p><p>Fragen Sie jede\/n MitarbeiterIn, welche Arbeitszeit machbar und wie gestaltbar ist. So k\u00f6nnte Zeit, die tags\u00fcber zum Versorgen der Kinder genutzt wird, durch abendliches Arbeiten nachgeholt werden.<\/p><p>CEOs gro\u00dfer Konzerne senden zur Zeit Videobotschaften an ihre Mitarbeiter*innen. Sie sagen darin, dass sie Verst\u00e4ndnis daf\u00fcr h\u00e4tten, wenn in der aktuellen Situation Arbeit nur so gut wie m\u00f6glich erledigt werden k\u00f6nne. Es sei eine so noch nie da gewesene Situation. Diese m\u00fcsse sich einspielen.<\/p><p>Legen auch Sie jetzt die Basis f\u00fcr eine vertrauensvolle Zusammenarbeit aus der Distanz.<\/p><p><strong>4. Vertrauen und Zusammenhalt im Team erm\u00f6glichen<\/strong><\/p><p>Vereinbaren Sie eine t\u00e4gliche Telefon-, besser noch Videokonferenz mit allen Mitarbeiter*Innen &#8211; z.B. um 9 Uhr.<\/p><p>Besprechen Sie den letzten Tag und geben Sie einen Ausblick auf den heutigen Tag. Lassen Sie jeden Mitarbeiter kurz erz\u00e4hlen, was ansteht. So spricht jede\/r einmal und ist dadurch eingebunden.<\/p><p>Das schafft Vertrauen und ist f\u00fcr virtuelles Arbeiten im \u201ePhysical Distancing\u201c essentiell. Unsere Sozialkontakte sind aktuell stark reduziert. Sorgen Sie daf\u00fcr, dass die virtuelle Morgenrunde in dieser Zeit zu einem sozialen Anker wird.<\/p><p><strong>5. Aus den Erfahrungen lernen und Fortschritte betonen<\/strong><\/p><p>Einmal in der Woche k\u00f6nnen Sie Ihre morgendliche Konferenz auch daf\u00fcr nutzen, sich \u00fcber Ihre Erfahrungen in Ihrem Team auszutauschen. Wie erleben Ihre MitarbeiterInnen die Arbeit im Home Office? Was l\u00e4uft gut? Was ist herausfordernd? Wie erleben Sie die Situation?<\/p><p>Melden Sie Ihren MitarbeiterInnen zur\u00fcck, was gut funktioniert. Das motiviert. Es schafft Transparenz dar\u00fcber, auf was es jetzt ankommt. Und es fokussiert Ihr Team weiter auf das gemeinsame Ziel.<\/p>\t\t\t\t\t<\/div>\n\t\t\t\t\t\t<\/div>\n\t\t\t\t<\/div>\n\t\t\t\t\t\t<\/div>\n\t\t\t\t\t<\/div>\n\t\t<\/div>\n\t\t\t\t<div class=\"elementor-column elementor-col-50 elementor-top-column elementor-element elementor-element-9223c1d\" data-id=\"9223c1d\" data-element_type=\"column\" data-settings=\"{&quot;background_background&quot;:&quot;classic&quot;}\">\n\t\t\t<div class=\"elementor-column-wrap elementor-element-populated\">\n\t\t\t\t\t\t\t<div class=\"elementor-widget-wrap\">\n\t\t\t\t\t\t<div class=\"elementor-element elementor-element-6807234 elementor-widget elementor-widget-image\" data-id=\"6807234\" data-element_type=\"widget\" data-widget_type=\"image.default\">\n\t\t\t\t<div class=\"elementor-widget-container\">\n\t\t\t\t\t\t\t\t<div class=\"elementor-image\">\n\t\t\t\t\t\t\t\t\t\t\t\t<img loading=\"lazy\" decoding=\"async\" width=\"1024\" height=\"683\" src=\"https:\/\/moscho-coaching.com\/wp-content\/uploads\/2020\/06\/newsletter-1-1024x683.jpg\" class=\"attachment-large size-large wp-image-1107\" alt=\"\" srcset=\"https:\/\/moscho-coaching.com\/wp-content\/uploads\/2020\/06\/newsletter-1-1024x683.jpg 1024w, https:\/\/moscho-coaching.com\/wp-content\/uploads\/2020\/06\/newsletter-1-300x200.jpg 300w, https:\/\/moscho-coaching.com\/wp-content\/uploads\/2020\/06\/newsletter-1-768x512.jpg 768w, https:\/\/moscho-coaching.com\/wp-content\/uploads\/2020\/06\/newsletter-1.jpg 1200w\" sizes=\"auto, (max-width: 1024px) 100vw, 1024px\" \/>\t\t\t\t\t\t\t\t\t\t\t\t\t\t<\/div>\n\t\t\t\t\t\t<\/div>\n\t\t\t\t<\/div>\n\t\t\t\t<div class=\"elementor-element elementor-element-546edf8 elementor-widget elementor-widget-image\" data-id=\"546edf8\" data-element_type=\"widget\" data-widget_type=\"image.default\">\n\t\t\t\t<div class=\"elementor-widget-container\">\n\t\t\t\t\t\t\t\t<div class=\"elementor-image\">\n\t\t\t\t\t\t\t\t\t\t\t\t<img loading=\"lazy\" decoding=\"async\" width=\"1024\" height=\"683\" src=\"https:\/\/moscho-coaching.com\/wp-content\/uploads\/2020\/06\/newsletter-2-1024x683.jpg\" class=\"attachment-large size-large wp-image-1108\" alt=\"\" srcset=\"https:\/\/moscho-coaching.com\/wp-content\/uploads\/2020\/06\/newsletter-2-1024x683.jpg 1024w, https:\/\/moscho-coaching.com\/wp-content\/uploads\/2020\/06\/newsletter-2-300x200.jpg 300w, https:\/\/moscho-coaching.com\/wp-content\/uploads\/2020\/06\/newsletter-2-768x512.jpg 768w, https:\/\/moscho-coaching.com\/wp-content\/uploads\/2020\/06\/newsletter-2.jpg 1200w\" sizes=\"auto, (max-width: 1024px) 100vw, 1024px\" \/>\t\t\t\t\t\t\t\t\t\t\t\t\t\t<\/div>\n\t\t\t\t\t\t<\/div>\n\t\t\t\t<\/div>\n\t\t\t\t\t\t<\/div>\n\t\t\t\t\t<\/div>\n\t\t<\/div>\n\t\t\t\t\t\t\t\t<\/div>\n\t\t\t\t\t<\/div>\n\t\t<\/section>\n\t\t\t\t\t\t\t\t\t<\/div>\n\t\t\t<\/div>\n\t\t\t\t\t<\/div>","protected":false},"excerpt":{"rendered":"<p>newsletter Newsletter vom 23. M\u00e4rz 2020 Erfolgreiche Team-F\u00fchrung im Home Office 1. Klaren Fokus setzen \u00dcberlegen Sie als F\u00fchrungskraft was im n\u00e4chsten Monat unbedingt erledigt werden muss.\u00a0Das hat jetzt &#8211; noch mehr als sonst &#8211; absolute Priorit\u00e4t. \u00dcberlegen Sie in Abstimmung mit Ihrem Team, wie das erreicht werden kann. 2. Das Home Office einrichten F\u00fcr [&hellip;]<\/p>\n","protected":false},"author":1,"featured_media":0,"parent":0,"menu_order":11,"comment_status":"closed","ping_status":"closed","template":"elementor_header_footer","meta":{"ocean_post_layout":"","ocean_both_sidebars_style":"","ocean_both_sidebars_content_width":0,"ocean_both_sidebars_sidebars_width":0,"ocean_sidebar":"0","ocean_second_sidebar":"0","ocean_disable_margins":"enable","ocean_add_body_class":"","ocean_shortcode_before_top_bar":"","ocean_shortcode_after_top_bar":"","ocean_shortcode_before_header":"","ocean_shortcode_after_header":"","ocean_has_shortcode":"","ocean_shortcode_after_title":"","ocean_shortcode_before_footer_widgets":"","ocean_shortcode_after_footer_widgets":"","ocean_shortcode_before_footer_bottom":"","ocean_shortcode_after_footer_bottom":"","ocean_display_top_bar":"off","ocean_display_header":"default","ocean_header_style":"","ocean_center_header_left_menu":"0","ocean_custom_header_template":"0","ocean_custom_logo":0,"ocean_custom_retina_logo":0,"ocean_custom_logo_max_width":0,"ocean_custom_logo_tablet_max_width":0,"ocean_custom_logo_mobile_max_width":0,"ocean_custom_logo_max_height":0,"ocean_custom_logo_tablet_max_height":0,"ocean_custom_logo_mobile_max_height":0,"ocean_header_custom_menu":"0","ocean_menu_typo_font_family":"0","ocean_menu_typo_font_subset":"","ocean_menu_typo_font_size":0,"ocean_menu_typo_font_size_tablet":0,"ocean_menu_typo_font_size_mobile":0,"ocean_menu_typo_font_size_unit":"px","ocean_menu_typo_font_weight":"","ocean_menu_typo_font_weight_tablet":"","ocean_menu_typo_font_weight_mobile":"","ocean_menu_typo_transform":"","ocean_menu_typo_transform_tablet":"","ocean_menu_typo_transform_mobile":"","ocean_menu_typo_line_height":0,"ocean_menu_typo_line_height_tablet":0,"ocean_menu_typo_line_height_mobile":0,"ocean_menu_typo_line_height_unit":"","ocean_menu_typo_spacing":0,"ocean_menu_typo_spacing_tablet":0,"ocean_menu_typo_spacing_mobile":0,"ocean_menu_typo_spacing_unit":"","ocean_menu_link_color":"","ocean_menu_link_color_hover":"","ocean_menu_link_color_active":"","ocean_menu_link_background":"","ocean_menu_link_hover_background":"","ocean_menu_link_active_background":"","ocean_menu_social_links_bg":"","ocean_menu_social_hover_links_bg":"","ocean_menu_social_links_color":"","ocean_menu_social_hover_links_color":"","ocean_disable_title":"on","ocean_disable_heading":"default","ocean_post_title":"","ocean_post_subheading":"","ocean_post_title_style":"","ocean_post_title_background_color":"","ocean_post_title_background":0,"ocean_post_title_bg_image_position":"","ocean_post_title_bg_image_attachment":"","ocean_post_title_bg_image_repeat":"","ocean_post_title_bg_image_size":"","ocean_post_title_height":0,"ocean_post_title_bg_overlay":0.5,"ocean_post_title_bg_overlay_color":"","ocean_disable_breadcrumbs":"off","ocean_breadcrumbs_color":"","ocean_breadcrumbs_separator_color":"","ocean_breadcrumbs_links_color":"","ocean_breadcrumbs_links_hover_color":"","ocean_display_footer_widgets":"off","ocean_display_footer_bottom":"off","ocean_custom_footer_template":"0","footnotes":""},"class_list":["post-1014","page","type-page","status-publish","hentry","entry"],"_links":{"self":[{"href":"https:\/\/moscho-coaching.com\/en\/wp-json\/wp\/v2\/pages\/1014","targetHints":{"allow":["GET"]}}],"collection":[{"href":"https:\/\/moscho-coaching.com\/en\/wp-json\/wp\/v2\/pages"}],"about":[{"href":"https:\/\/moscho-coaching.com\/en\/wp-json\/wp\/v2\/types\/page"}],"author":[{"embeddable":true,"href":"https:\/\/moscho-coaching.com\/en\/wp-json\/wp\/v2\/users\/1"}],"replies":[{"embeddable":true,"href":"https:\/\/moscho-coaching.com\/en\/wp-json\/wp\/v2\/comments?post=1014"}],"version-history":[{"count":2,"href":"https:\/\/moscho-coaching.com\/en\/wp-json\/wp\/v2\/pages\/1014\/revisions"}],"predecessor-version":[{"id":2204,"href":"https:\/\/moscho-coaching.com\/en\/wp-json\/wp\/v2\/pages\/1014\/revisions\/2204"}],"wp:attachment":[{"href":"https:\/\/moscho-coaching.com\/en\/wp-json\/wp\/v2\/media?parent=1014"}],"curies":[{"name":"wp","href":"https:\/\/api.w.org\/{rel}","templated":true}]}}